{"id":43,"date":"2024-06-03T14:20:36","date_gmt":"2024-06-03T12:20:36","guid":{"rendered":"https:\/\/zbojnik-zakopane.pl\/?page_id=43"},"modified":"2024-06-03T14:22:28","modified_gmt":"2024-06-03T12:22:28","slug":"oferta","status":"publish","type":"page","link":"https:\/\/zbojnik-zakopane.pl\/?page_id=43","title":{"rendered":"Oferta"},"content":{"rendered":"\n<p>Oferujemy Pa\u0144stwu pobyt w pokojach go\u015bcinnych 1 lub 2 osobowych z \u0142azienkami oraz 3 osobowych z \u0142azienkami na korytarzu.<\/p>\n\n\n\n<p>W ka\u017cdym pokoju znajduje si\u0119 telewizor, czajnik bezprzewodowy oraz szklanki, sztu\u0107ce i talerze.<\/p>\n\n\n\n<p>Wi\u0119kszo\u015b\u0107 pokoi z widokiem na Tatry, dost\u0119pem do tarasu lub w\u0142asnym balkonem.<\/p>\n\n\n\n<p>Ca\u0142kowita liczba miejsc noclegowych w naszym obiekcie to 16.<\/p>\n\n\n\n<p>Istnieje mo\u017cliwo\u015b\u0107 wykupienia wy\u017cywienia, a w okresach poza sezonem mo\u017cna korzysta\u0107 z kuchni.<\/p>\n","protected":false},"excerpt":{"rendered":"<p>Oferujemy Pa\u0144stwu pobyt w pokojach go\u015bcinnych 1 lub 2 osobowych z \u0142azienkami oraz 3 osobowych z \u0142azienkami na korytarzu. W ka\u017cdym pokoju znajduje si\u0119 telewizor, czajnik bezprzewodowy oraz szklanki, sztu\u0107ce i talerze. Wi\u0119kszo\u015b\u0107 pokoi z widokiem na Tatry, dost\u0119pem do tarasu lub w\u0142asnym balkonem. Ca\u0142kowita liczba miejsc noclegowych w naszym obiekcie to 16. Istnieje mo\u017cliwo\u015b\u0107 [&hellip;]<\/p>\n","protected":false},"author":1,"featured_media":0,"parent":0,"menu_order":0,"comment_status":"closed","ping_status":"closed","template":"","meta":{"footnotes":""},"class_list":["post-43","page","type-page","status-publish","hentry"],"_links":{"self":[{"href":"https:\/\/zbojnik-zakopane.pl\/index.php?rest_route=\/wp\/v2\/pages\/43","targetHints":{"allow":["GET"]}}],"collection":[{"href":"https:\/\/zbojnik-zakopane.pl\/index.php?rest_route=\/wp\/v2\/pages"}],"about":[{"href":"https:\/\/zbojnik-zakopane.pl\/index.php?rest_route=\/wp\/v2\/types\/page"}],"author":[{"embeddable":true,"href":"https:\/\/zbojnik-zakopane.pl\/index.php?rest_route=\/wp\/v2\/users\/1"}],"replies":[{"embeddable":true,"href":"https:\/\/zbojnik-zakopane.pl\/index.php?rest_route=%2Fwp%2Fv2%2Fcomments&post=43"}],"version-history":[{"count":2,"href":"https:\/\/zbojnik-zakopane.pl\/index.php?rest_route=\/wp\/v2\/pages\/43\/revisions"}],"predecessor-version":[{"id":48,"href":"https:\/\/zbojnik-zakopane.pl\/index.php?rest_route=\/wp\/v2\/pages\/43\/revisions\/48"}],"wp:attachment":[{"href":"https:\/\/zbojnik-zakopane.pl\/index.php?rest_route=%2Fwp%2Fv2%2Fmedia&parent=43"}],"curies":[{"name":"wp","href":"https:\/\/api.w.org\/{rel}","templated":true}]}}