{"id":42,"date":"2024-06-03T14:20:36","date_gmt":"2024-06-03T12:20:36","guid":{"rendered":"https:\/\/zbojnik-zakopane.pl\/?page_id=42"},"modified":"2024-06-03T14:33:42","modified_gmt":"2024-06-03T12:33:42","slug":"kontakt","status":"publish","type":"page","link":"https:\/\/zbojnik-zakopane.pl\/?page_id=42","title":{"rendered":"Kontakt"},"content":{"rendered":"\n<p><strong>Anna i Tomasz Kr\u00f3l<\/strong><br>Droga na Anta\u0142\u00f3wk\u0119 10c<br>34-500 Zakopane<br>Polska<br>Telefon: \u00a0+48 537 432 913<br><br><\/p>\n\n\n\n<iframe src=\"https:\/\/www.google.com\/maps\/embed?pb=!1m18!1m12!1m3!1d4350.813816782483!2d19.975622577674446!3d49.2886003713938!2m3!1f0!2f0!3f0!3m2!1i1024!2i768!4f13.1!3m3!1m2!1s0x4715f2e672140a69%3A0xbffdd27bb31b55d6!2sZb%C3%B3jnik.%20Wynajem%20pokoi.%20Kr%C3%B3l%20U.J.!5e1!3m2!1spl!2spl!4v1717417857316!5m2!1spl!2spl\" width=\"600\" height=\"450\" style=\"border:0;\" allowfullscreen=\"\" loading=\"lazy\" referrerpolicy=\"no-referrer-when-downgrade\"><\/iframe>\n","protected":false},"excerpt":{"rendered":"<p>Anna i Tomasz Kr\u00f3lDroga na Anta\u0142\u00f3wk\u0119 10c34-500 ZakopanePolskaTelefon: \u00a0+48 537 432 913<\/p>\n","protected":false},"author":1,"featured_media":0,"parent":0,"menu_order":0,"comment_status":"closed","ping_status":"closed","template":"","meta":{"footnotes":""},"class_list":["post-42","page","type-page","status-publish","hentry"],"_links":{"self":[{"href":"https:\/\/zbojnik-zakopane.pl\/index.php?rest_route=\/wp\/v2\/pages\/42","targetHints":{"allow":["GET"]}}],"collection":[{"href":"https:\/\/zbojnik-zakopane.pl\/index.php?rest_route=\/wp\/v2\/pages"}],"about":[{"href":"https:\/\/zbojnik-zakopane.pl\/index.php?rest_route=\/wp\/v2\/types\/page"}],"author":[{"embeddable":true,"href":"https:\/\/zbojnik-zakopane.pl\/index.php?rest_route=\/wp\/v2\/users\/1"}],"replies":[{"embeddable":true,"href":"https:\/\/zbojnik-zakopane.pl\/index.php?rest_route=%2Fwp%2Fv2%2Fcomments&post=42"}],"version-history":[{"count":6,"href":"https:\/\/zbojnik-zakopane.pl\/index.php?rest_route=\/wp\/v2\/pages\/42\/revisions"}],"predecessor-version":[{"id":56,"href":"https:\/\/zbojnik-zakopane.pl\/index.php?rest_route=\/wp\/v2\/pages\/42\/revisions\/56"}],"wp:attachment":[{"href":"https:\/\/zbojnik-zakopane.pl\/index.php?rest_route=%2Fwp%2Fv2%2Fmedia&parent=42"}],"curies":[{"name":"wp","href":"https:\/\/api.w.org\/{rel}","templated":true}]}}